{"id":1307,"date":"2023-01-25T14:22:54","date_gmt":"2023-01-25T22:22:54","guid":{"rendered":"http:\/\/english.wsu.edu\/newsletter\/?page_id=1307"},"modified":"2025-06-30T08:36:54","modified_gmt":"2025-06-30T15:36:54","slug":"2021-22-faculty-student-engagement","status":"publish","type":"page","link":"https:\/\/english.wsu.edu\/newsletter\/2021-22-faculty-student-engagement\/","title":{"rendered":"2021-22 Faculty and Student Engagement"},"content":{"rendered":"<div class=\"wsu-row gutterless wsu-row--single\" >\r\n    \n<div class=\"wsu-column\"  style=\"\">\r\n\t\n\n<figure class=\"wp-block-image size-full\"><img decoding=\"async\" loading=\"lazy\" width=\"2560\" height=\"456\" src=\"https:\/\/wpcdn.web.wsu.edu\/wp-cas\/uploads\/sites\/3225\/2023\/05\/EnglishMatters-2023-scaled.jpg\" alt=\"English Matters. College of Arts and Sciences, Washington State University.\" class=\"wp-image-1606\" srcset=\"https:\/\/wpcdn.web.wsu.edu\/wp-cas\/uploads\/sites\/3225\/2023\/05\/EnglishMatters-2023-scaled.jpg 2560w, https:\/\/wpcdn.web.wsu.edu\/wp-cas\/uploads\/sites\/3225\/2023\/05\/EnglishMatters-2023-396x71.jpg 396w, https:\/\/wpcdn.web.wsu.edu\/wp-cas\/uploads\/sites\/3225\/2023\/05\/EnglishMatters-2023-792x141.jpg 792w, https:\/\/wpcdn.web.wsu.edu\/wp-cas\/uploads\/sites\/3225\/2023\/05\/EnglishMatters-2023-768x137.jpg 768w, https:\/\/wpcdn.web.wsu.edu\/wp-cas\/uploads\/sites\/3225\/2023\/05\/EnglishMatters-2023-1536x274.jpg 1536w, https:\/\/wpcdn.web.wsu.edu\/wp-cas\/uploads\/sites\/3225\/2023\/05\/EnglishMatters-2023-2048x365.jpg 2048w, https:\/\/wpcdn.web.wsu.edu\/wp-cas\/uploads\/sites\/3225\/2023\/05\/EnglishMatters-2023-198x35.jpg 198w\" sizes=\"(max-width: 2560px) 100vw, 2560px\" \/><\/figure>\n\n<\/div>\r\n\n<\/div>\n\n<div class=\"breadcrumbs\" typeof=\"BreadcrumbList\" vocab=\"https:\/\/schema.org\/\">\r\n\t<!-- Breadcrumb NavXT 7.2.0 -->\n<span property=\"itemListElement\" typeof=\"ListItem\"><a property=\"item\" typeof=\"WebPage\" title=\"Go to CAS Network Sites.\" href=\"https:\/\/wsuwp.cas.wsu.edu\" class=\"main-home\" ><span property=\"name\">CAS Network Sites<\/span><\/a><meta property=\"position\" content=\"1\"><\/span> &gt; <span property=\"itemListElement\" typeof=\"ListItem\"><a property=\"item\" typeof=\"WebPage\" title=\"Go to English Matters Archive.\" href=\"https:\/\/english.wsu.edu\/newsletter\" class=\"home\" ><span property=\"name\">English Matters Archive<\/span><\/a><meta property=\"position\" content=\"2\"><\/span> &gt; <span property=\"itemListElement\" typeof=\"ListItem\"><a property=\"item\" typeof=\"WebPage\" title=\"Go to News.\" href=\"https:\/\/english.wsu.edu\/newsletter\/news\/\" class=\"post-root post post-post\" aria-current=\"page\"><span property=\"name\">News<\/span><\/a><meta property=\"position\" content=\"3\"><\/span><\/div><header class=\"wsu-article-header \">\r\n\t<h1 class=\"wsu-article-header__title\">\r\n\t\tFaculty and Student Engagement\t<\/h1>\r\n\t\t<\/header>\r\n\n\n<div class=\"wsu-row wsu-row--sidebar-right\" >\r\n    \n<div class=\"wsu-column\"  style=\"\">\r\n\t\n\n<h2 class=\"wp-block-heading\"><span style=\"font-size: 1.8rem;letter-spacing: 0px\">Study Abroad Offers Opportunities<br>and Experiences for Students and Faculty<\/span><\/h2>\n\n\n<div class=\"wp-block-image\">\n<figure class=\"alignleft\"><img decoding=\"async\" loading=\"lazy\" width=\"396\" height=\"297\" src=\"https:\/\/wpcdn.web.wsu.edu\/wp-cas\/uploads\/sites\/3225\/2022\/12\/Ireland-Trip-3-396x297.jpeg\" alt=\"A group of people standing and smiling in front of an aged stone-and-brick building.\" class=\"wp-image-1328\" srcset=\"https:\/\/wpcdn.web.wsu.edu\/wp-cas\/uploads\/sites\/3225\/2022\/12\/Ireland-Trip-3-396x297.jpeg 396w, https:\/\/wpcdn.web.wsu.edu\/wp-cas\/uploads\/sites\/3225\/2022\/12\/Ireland-Trip-3-792x594.jpeg 792w, https:\/\/wpcdn.web.wsu.edu\/wp-cas\/uploads\/sites\/3225\/2022\/12\/Ireland-Trip-3-768x576.jpeg 768w, https:\/\/wpcdn.web.wsu.edu\/wp-cas\/uploads\/sites\/3225\/2022\/12\/Ireland-Trip-3-1536x1152.jpeg 1536w, https:\/\/wpcdn.web.wsu.edu\/wp-cas\/uploads\/sites\/3225\/2022\/12\/Ireland-Trip-3-2048x1536.jpeg 2048w, https:\/\/wpcdn.web.wsu.edu\/wp-cas\/uploads\/sites\/3225\/2022\/12\/Ireland-Trip-3-990x743.jpeg 990w, https:\/\/wpcdn.web.wsu.edu\/wp-cas\/uploads\/sites\/3225\/2022\/12\/Ireland-Trip-3-1188x891.jpeg 1188w\" sizes=\"(max-width: 396px) 100vw, 396px\" \/><\/figure><\/div>\n\n\n<p><span style=\"font-weight: 400\">This past June, Donna Potts and Collin Criss led a group of 12 undergraduates on a poetry tour of Ireland. Offered through the WSU International Program for credit, students studied creative writing and poetry through the lens of contemporary Irish poetry. After arriving in Dublin, the group began a packed itinerary that included meetings with more than 12 working Irish poets and visits to notable tourist sites around the island.<\/span><\/p>\n\n\n\n<p><span style=\"font-weight: 400\">In Dublin, the group saw the Book of Kells and spent time in St. Stephens Green, and later they visited with poets Moya Cannon, Eil\u00e9an N\u00ed Chuillean\u00e1in, Grace Wilentz, and Annemarie N\u00ed Churre\u00e1in. Then the group traveled to western Ireland and visited a number of landmarks before meeting with poets Joan McBreen, Eileen Keane, Kevin Higgins, and Siabh Burke-Maguire.&nbsp;<\/span><\/p>\n\n\n\n<p><span style=\"font-weight: 400\">As the team moved on they visited Coole Park, toured the home of Lady Gregory, and then embarked north to Yeats Country. Along the way, they stopped in Mayo to meet with Sean Lysaght. In Sligo, they participated in the launching of the local Irish music festival known as Flaedh. The group continued north to sightsee for a few days and then stopped in County Deny at the Seamus Heaney Homeplace in Bellaghy and the Giant\u2019s Causeway. In Belfast, the group met with Leontia Flynn and Frank Ormsby, who is the current Irish Professor of Poetry. After leaving the North, the group went on to visit the Patrick Kavanagh Center in County Monaghan where they met with poet Noel Monahan before returning to Dublin.<\/span><\/p>\n\n\n<div class=\"wp-block-image\">\n<figure class=\"alignright\"><img decoding=\"async\" loading=\"lazy\" width=\"396\" height=\"297\" src=\"https:\/\/wpcdn.web.wsu.edu\/wp-cas\/uploads\/sites\/3225\/2022\/12\/Ireland-Trip-13-396x297.jpeg\" alt=\"Six people bend over texts spread across a table and three other people examine pages posted on a board. \" class=\"wp-image-1329\" srcset=\"https:\/\/wpcdn.web.wsu.edu\/wp-cas\/uploads\/sites\/3225\/2022\/12\/Ireland-Trip-13-396x297.jpeg 396w, https:\/\/wpcdn.web.wsu.edu\/wp-cas\/uploads\/sites\/3225\/2022\/12\/Ireland-Trip-13-792x594.jpeg 792w, https:\/\/wpcdn.web.wsu.edu\/wp-cas\/uploads\/sites\/3225\/2022\/12\/Ireland-Trip-13-768x576.jpeg 768w, https:\/\/wpcdn.web.wsu.edu\/wp-cas\/uploads\/sites\/3225\/2022\/12\/Ireland-Trip-13-1536x1152.jpeg 1536w, https:\/\/wpcdn.web.wsu.edu\/wp-cas\/uploads\/sites\/3225\/2022\/12\/Ireland-Trip-13-2048x1536.jpeg 2048w, https:\/\/wpcdn.web.wsu.edu\/wp-cas\/uploads\/sites\/3225\/2022\/12\/Ireland-Trip-13-990x743.jpeg 990w, https:\/\/wpcdn.web.wsu.edu\/wp-cas\/uploads\/sites\/3225\/2022\/12\/Ireland-Trip-13-1188x891.jpeg 1188w\" sizes=\"(max-width: 396px) 100vw, 396px\" \/><\/figure><\/div>\n\n\n<p><span style=\"font-weight: 400\">Each meeting with the individual poets was informed by the group\u2019s immersion in the varied landscape: the moments spent in the landscape were filtered through the insights of working poets. The group asked poets about their understanding of contemporary Irish poetry, and how they understand their own position in the political and natural history of the island. The group then drafted and shared their own work, and tried to sense and challenge where they, as tourists, fit into the literary tradition that we were merely glimpsing. The entire trip was a once-in-a-lifetime event not only to visit Ireland but to experience the current of a nation\u2019s poetry.<\/span><\/p>\n\n\n\n<p><span style=\"font-weight: 400\">The students did creative and critical work during and after the trip and demonstrated their keen sense of the complex nature of Irish poetry.<\/span><\/p>\n\n\n\n<p><span style=\"font-weight: 400\">Faculty worked hard, as well, to make the trip as affordable and accessible as possible, but the expense to students\u2014not only travel but also tuition for the courses\u2014remained largely prohibitive. Criss and Potts both hope to develop additional funding for future trips in order to provide international program experiences for our students that will transform their understanding of literature and the world.<\/span><\/p>\n\n\n\n<hr class=\"wp-block-separator has-css-opacity\" \/>\n\n\n\n<h2 class=\"wp-block-heading\">EcoArts in the Community and Classroom<\/h2>\n\n\n<div class=\"wp-block-image\">\n<figure class=\"alignleft\"><img decoding=\"async\" loading=\"lazy\" width=\"396\" height=\"238\" src=\"https:\/\/wpcdn.web.wsu.edu\/wp-cas\/uploads\/sites\/3225\/2022\/12\/Black-Hawthorn_Sophia-Tegart_Aidan-Barger_alum_DP-Sutton-Mooney-396x238.jpg\" alt=\"A woman plays flute near a man reading from a tablet while two people watch and listen while they stand on a paved path curving through trees and other vegetation.\" class=\"wp-image-1337\" srcset=\"https:\/\/wpcdn.web.wsu.edu\/wp-cas\/uploads\/sites\/3225\/2022\/12\/Black-Hawthorn_Sophia-Tegart_Aidan-Barger_alum_DP-Sutton-Mooney-396x238.jpg 396w, https:\/\/wpcdn.web.wsu.edu\/wp-cas\/uploads\/sites\/3225\/2022\/12\/Black-Hawthorn_Sophia-Tegart_Aidan-Barger_alum_DP-Sutton-Mooney-792x477.jpg 792w, https:\/\/wpcdn.web.wsu.edu\/wp-cas\/uploads\/sites\/3225\/2022\/12\/Black-Hawthorn_Sophia-Tegart_Aidan-Barger_alum_DP-Sutton-Mooney-768x462.jpg 768w, https:\/\/wpcdn.web.wsu.edu\/wp-cas\/uploads\/sites\/3225\/2022\/12\/Black-Hawthorn_Sophia-Tegart_Aidan-Barger_alum_DP-Sutton-Mooney-1536x924.jpg 1536w, https:\/\/wpcdn.web.wsu.edu\/wp-cas\/uploads\/sites\/3225\/2022\/12\/Black-Hawthorn_Sophia-Tegart_Aidan-Barger_alum_DP-Sutton-Mooney-2048x1232.jpg 2048w, https:\/\/wpcdn.web.wsu.edu\/wp-cas\/uploads\/sites\/3225\/2022\/12\/Black-Hawthorn_Sophia-Tegart_Aidan-Barger_alum_DP-Sutton-Mooney-990x596.jpg 990w, https:\/\/wpcdn.web.wsu.edu\/wp-cas\/uploads\/sites\/3225\/2022\/12\/Black-Hawthorn_Sophia-Tegart_Aidan-Barger_alum_DP-Sutton-Mooney-1188x715.jpg 1188w\" sizes=\"(max-width: 396px) 100vw, 396px\" \/><\/figure><\/div>\n\n\n<p>The EcoArts on the Palouse Plant Poems Project was the center of a public performance in collaboration with instrumentalists in WSU\u2019s School of Music (SoM). Botanical signage for 20 species of native plants focal on ecosystem restoration of Missouri Flat Creek, near downtown Pullman, bear poems were written collaboratively during the Spring 2021 semester by WSU English majors across campuses. The students included Arabelle May from WSU Vancouver and recent graduates Aidan Barger, Darcy Greenwood, and Elizabeth Webb from WSU Pullman. The signs were &#8220;planted&#8221; along the creek, and in September 2022, \u201cIn Flower Community: Poems and Musical Improvisations for Native Plants,\u201d took place along the creek. The event was co-created by poetry Professor Linda Russo and WSU music professor and flutist Sophia Tegart and featured musical performances by SoM faculty and students accompanying readings of the poems by English department students and faculty and volunteers from the local community. Attendees were invited to walk along the creek and enjoy the evolving soundscape. The performance was supported with funding from Humanities Washington and corresponded with the WSU Common Reading Program selection, Robin Wall Kimmerer\u2019s <i>Braiding Sweetgrass: Indigenous Wisdom, Scientific Knowledge, and the Teaching of Plants<\/i>, which inspired an approach to write the Plant Poems.<\/p>\n\n\n<div class=\"wp-block-image\">\n<figure class=\"alignright\"><img decoding=\"async\" loading=\"lazy\" width=\"396\" height=\"355\" src=\"https:\/\/wpcdn.web.wsu.edu\/wp-cas\/uploads\/sites\/3225\/2022\/12\/Golden-Currant_Ruth-Boden_Jada-Rome-396x355.jpg\" alt=\"A seated woman plays a black cello next to a standing woman who is reading from a page before a backdrop of trees and tall grasses.\" class=\"wp-image-1339\" srcset=\"https:\/\/wpcdn.web.wsu.edu\/wp-cas\/uploads\/sites\/3225\/2022\/12\/Golden-Currant_Ruth-Boden_Jada-Rome-396x355.jpg 396w, https:\/\/wpcdn.web.wsu.edu\/wp-cas\/uploads\/sites\/3225\/2022\/12\/Golden-Currant_Ruth-Boden_Jada-Rome-792x710.jpg 792w, https:\/\/wpcdn.web.wsu.edu\/wp-cas\/uploads\/sites\/3225\/2022\/12\/Golden-Currant_Ruth-Boden_Jada-Rome-768x688.jpg 768w, https:\/\/wpcdn.web.wsu.edu\/wp-cas\/uploads\/sites\/3225\/2022\/12\/Golden-Currant_Ruth-Boden_Jada-Rome-1536x1377.jpg 1536w, https:\/\/wpcdn.web.wsu.edu\/wp-cas\/uploads\/sites\/3225\/2022\/12\/Golden-Currant_Ruth-Boden_Jada-Rome-2048x1836.jpg 2048w, https:\/\/wpcdn.web.wsu.edu\/wp-cas\/uploads\/sites\/3225\/2022\/12\/Golden-Currant_Ruth-Boden_Jada-Rome-990x887.jpg 990w, https:\/\/wpcdn.web.wsu.edu\/wp-cas\/uploads\/sites\/3225\/2022\/12\/Golden-Currant_Ruth-Boden_Jada-Rome-1188x1065.jpg 1188w\" sizes=\"(max-width: 396px) 100vw, 396px\" \/><\/figure><\/div>\n\n<div class=\"wp-block-image\">\n<figure class=\"alignleft\"><img decoding=\"async\" loading=\"lazy\" width=\"396\" height=\"287\" src=\"https:\/\/wpcdn.web.wsu.edu\/wp-cas\/uploads\/sites\/3225\/2022\/12\/Common-Camas-_AJ-Miller_Darcy-Greenwood_alum-396x287.jpg\" alt=\"A seated man plays flugelhorn near a woman standing and reading from a page amid tall grasses and trees interspersed with small signs on pedestals.\" class=\"wp-image-1338\" srcset=\"https:\/\/wpcdn.web.wsu.edu\/wp-cas\/uploads\/sites\/3225\/2022\/12\/Common-Camas-_AJ-Miller_Darcy-Greenwood_alum-396x287.jpg 396w, https:\/\/wpcdn.web.wsu.edu\/wp-cas\/uploads\/sites\/3225\/2022\/12\/Common-Camas-_AJ-Miller_Darcy-Greenwood_alum-792x574.jpg 792w, https:\/\/wpcdn.web.wsu.edu\/wp-cas\/uploads\/sites\/3225\/2022\/12\/Common-Camas-_AJ-Miller_Darcy-Greenwood_alum-768x557.jpg 768w, https:\/\/wpcdn.web.wsu.edu\/wp-cas\/uploads\/sites\/3225\/2022\/12\/Common-Camas-_AJ-Miller_Darcy-Greenwood_alum-1536x1113.jpg 1536w, https:\/\/wpcdn.web.wsu.edu\/wp-cas\/uploads\/sites\/3225\/2022\/12\/Common-Camas-_AJ-Miller_Darcy-Greenwood_alum-2048x1484.jpg 2048w, https:\/\/wpcdn.web.wsu.edu\/wp-cas\/uploads\/sites\/3225\/2022\/12\/Common-Camas-_AJ-Miller_Darcy-Greenwood_alum-990x717.jpg 990w, https:\/\/wpcdn.web.wsu.edu\/wp-cas\/uploads\/sites\/3225\/2022\/12\/Common-Camas-_AJ-Miller_Darcy-Greenwood_alum-1188x861.jpg 1188w\" sizes=\"(max-width: 396px) 100vw, 396px\" \/><\/figure><\/div>\n\n\n<p>Russo also has connected ecology, literature, and creative writing in the classroom as a Community Engaged Scholar since the fall of 2021, when students in Engl302, Introduction to Literary Studies, commenced community service work with the Palouse Conservation District (PCD) through WSU\u2019s Center for Civic Engagement. Students work on removing invasive weeds and planting native trees to stabilize the banks and block toxins from draining into the waterways. This habitat restoration also cools the water temperature and increases oxygen levels necessary to ensure a viable habitat for salmon who may return to the river to spawn. Through reflective assignments, students synthesize their hands-on experience with their understanding of literary texts. One student reflected: \u201c&#8217;It feels like we are giving back to the world that takes care of us. We thrive off of Earth\u2019s resources and selfishly do not consider the consequences, yet this is our opportunity to restore a small part of nature. This reminds me of a sonnet we studied, Craig Santos Perez\u2019s &#8216;Love in a Time of Climate Change,&#8217; which states, &#8216;I love you as one loves the most vulnerable \/ species: urgently, between the habitat and its loss.&#8217; After meeting Garrett [LaCivita, PCD Conservation Planner] and learning about the details of the project, I realized the work we are doing here is greater than ourselves.&#8221;<\/p>\n\n\n\n<hr class=\"wp-block-separator has-css-opacity\" \/>\n\n\n\n<h2 class=\"wp-block-heading\">Blood Orange Review Emerging Writer Award<\/h2>\n\n\n\n<p class=\"x_MsoNormal\">In the spring of 2022, senior undergraduate interns from WSU Vancouver (Daniel Arreola) and WSU Pullman (Savannah Reid Brown, Gloria Demissie, Emi Lupoi, Clara Peninger, and Lucy Rickman)<b> <\/b>worked with English faculty editors of the <a href=\"https:\/\/bloodorangereview.com\/\">Blood Orange Review<\/a> (Julian Ankney, Colin Criss, Grant Maierhofer, and Lauren Westerfield) to select finalists for the BOR Emerging Writers Awards. Students interning with <em>BOR<\/em> learn professional skills while earning credit toward the English department\u2019s Editing and Publishing Certificate.<\/p>\n\n\n\n<p class=\"x_MsoNormal\">The award winners include poet Mylo Lam of Los Angeles and essayist Robin Kinzer of Baltimore, with Honorable Mentions going to Laur Freymiller of Moscow, Idaho; Camille Jackson of Chicago; m. mick powell of Storrs, Connecticut; and Moni Brar of Calgary, BC.<\/p>\n\n\n\n<hr class=\"wp-block-separator has-css-opacity\" \/>\n\n<\/div>\r\n\n\n<div class=\"wsu-column\"  style=\"\">\r\n\t\n\n<h2 class=\"wp-block-heading\">Journals and Publications<\/h2>\n\n\n\n<h3 class=\"wp-block-heading has-text-align-left  wsu-font-size--xxmedium\"><a href=\"http:\/\/bloodorangereview.com\">Blood Orange Review | \u00a0An Online Literary Journal<\/a><\/h3>\n\n\n\n<figure class=\"wp-block-image\"><img decoding=\"async\" loading=\"lazy\" width=\"190\" height=\"205\" src=\"https:\/\/wpcdn.web.wsu.edu\/wp-cas\/uploads\/sites\/3225\/2023\/01\/BloodOrgane.jpg\" alt=\"BOR: Blood Orange Review\" class=\"wp-image-1453\" \/><\/figure>\n\n\n\n<h3 class=\"wp-block-heading  wsu-font-size--xxmedium\"><a href=\"https:\/\/www.ecoartsonthepalouse.com\/\">EcoArts on the Palouse<\/a><\/h3>\n\n\n\n<figure class=\"wp-block-image\"><img decoding=\"async\" loading=\"lazy\" width=\"396\" height=\"262\" src=\"https:\/\/wpcdn.web.wsu.edu\/wp-cas\/uploads\/sites\/3225\/2023\/01\/EcoArtsonthePalouse-1-396x262.png\" alt=\"Eco Arts On the Palouse; explore biotic community\" class=\"wp-image-1451\" srcset=\"https:\/\/wpcdn.web.wsu.edu\/wp-cas\/uploads\/sites\/3225\/2023\/01\/EcoArtsonthePalouse-1-396x262.png 396w, https:\/\/wpcdn.web.wsu.edu\/wp-cas\/uploads\/sites\/3225\/2023\/01\/EcoArtsonthePalouse-1.png 436w\" sizes=\"(max-width: 396px) 100vw, 396px\" \/><\/figure>\n\n\n\n<h3 class=\"wp-block-heading has-text-align-left  wsu-font-size--xxmedium\"><a href=\"http:\/\/english.wsu.edu\/esq-home\/\">ESQ: A Journal of\u00a0Nineteenth-Century American Literature and Culture<\/a><\/h3>\n\n\n\n<figure class=\"wp-block-image\"><img decoding=\"async\" loading=\"lazy\" width=\"396\" height=\"605\" src=\"https:\/\/wpcdn.web.wsu.edu\/wp-cas\/uploads\/sites\/3225\/2023\/01\/ESQ-Cover-396x605.jpg\" alt=\"ESQ - A Journal of Nineteenth-Century American Literature and Culture (snowy owls)\" class=\"wp-image-1456\" srcset=\"https:\/\/wpcdn.web.wsu.edu\/wp-cas\/uploads\/sites\/3225\/2023\/01\/ESQ-Cover-396x605.jpg 396w, https:\/\/wpcdn.web.wsu.edu\/wp-cas\/uploads\/sites\/3225\/2023\/01\/ESQ-Cover-792x1210.jpg 792w, https:\/\/wpcdn.web.wsu.edu\/wp-cas\/uploads\/sites\/3225\/2023\/01\/ESQ-Cover-768x1174.jpg 768w, https:\/\/wpcdn.web.wsu.edu\/wp-cas\/uploads\/sites\/3225\/2023\/01\/ESQ-Cover-1005x1536.jpg 1005w, https:\/\/wpcdn.web.wsu.edu\/wp-cas\/uploads\/sites\/3225\/2023\/01\/ESQ-Cover-1340x2048.jpg 1340w, https:\/\/wpcdn.web.wsu.edu\/wp-cas\/uploads\/sites\/3225\/2023\/01\/ESQ-Cover-990x1513.jpg 990w, https:\/\/wpcdn.web.wsu.edu\/wp-cas\/uploads\/sites\/3225\/2023\/01\/ESQ-Cover-1188x1815.jpg 1188w, https:\/\/wpcdn.web.wsu.edu\/wp-cas\/uploads\/sites\/3225\/2023\/01\/ESQ-Cover-scaled.jpg 1675w\" sizes=\"(max-width: 396px) 100vw, 396px\" \/><\/figure>\n\n\n\n<h3 class=\"wp-block-heading  wsu-font-size--xxmedium\"><a href=\"http:\/\/www.landescapes.wsu.edu\/\">LandEsc<strong>apes<\/strong><\/a><\/h3>\n\n\n\n<figure class=\"wp-block-image\"><img decoding=\"async\" loading=\"lazy\" width=\"396\" height=\"310\" src=\"https:\/\/wpcdn.web.wsu.edu\/wp-cas\/uploads\/sites\/3225\/2023\/01\/landescapes_smaller-396x310.png\" alt=\"LandEscapes: WSU's Undergraduate Literary and Arts Journal. You Create It. We Publish It. Call for Submissions: Submit your masterpieces now through December 24th! (landescapes.wsu.edu)\" class=\"wp-image-1450\" srcset=\"https:\/\/wpcdn.web.wsu.edu\/wp-cas\/uploads\/sites\/3225\/2023\/01\/landescapes_smaller-396x310.png 396w, https:\/\/wpcdn.web.wsu.edu\/wp-cas\/uploads\/sites\/3225\/2023\/01\/landescapes_smaller.png 398w\" sizes=\"(max-width: 396px) 100vw, 396px\" \/><\/figure>\n\n\n\n<h3 class=\"wp-block-heading  wsu-font-size--xxmedium\"><a href=\"https:\/\/english.wsu.edu\/poe-studies-history-theory-interpretation\/\">Poe Studies: History, Theory, Interpretation<\/a><\/h3>\n\n\n\n<figure class=\"wp-block-image\"><img decoding=\"async\" loading=\"lazy\" width=\"264\" height=\"372\" src=\"https:\/\/wpcdn.web.wsu.edu\/wp-cas\/uploads\/sites\/3225\/2023\/01\/poe3.jpg\" alt=\"Poe Studies; Dark Romanticism: History, Theory, Interpretation; Volume 56, 2003\" class=\"wp-image-1454\" \/><\/figure>\n\n\n\n<h3 class=\"wp-block-heading  wsu-font-size--xxmedium\"><a href=\"http:\/\/www.ncte.org\/cccc\/swr\">Studies in Writing and Rhetoric<\/a><\/h3>\n\n\n\n<figure class=\"wp-block-image\"><img decoding=\"async\" loading=\"lazy\" width=\"180\" height=\"200\" src=\"https:\/\/wpcdn.web.wsu.edu\/wp-cas\/uploads\/sites\/3225\/2023\/01\/swr-sidebanner180x220.jpg\" alt=\"SWR: Studies in Writing and Rhetoric; Theoretical. Influential. Practical. A CCCC book series\u2014shaping writing instructions at the college level since 1983. \" class=\"wp-image-1452\" \/><\/figure>\n\n<\/div>\r\n\n<\/div>\n\n<div class=\"wsu-row wsu-row--sidebar-right\" >\r\n    \n<div class=\"wsu-column\"  style=\"\">\r\n\t<\/div>\r\n\n\n<div class=\"wsu-column\"  style=\"\">\r\n\t<\/div>\r\n\n<\/div>","protected":false},"excerpt":{"rendered":"","protected":false},"author":1438,"featured_media":0,"parent":0,"menu_order":0,"comment_status":"closed","ping_status":"closed","template":"","meta":[],"categories":[],"tags":[],"wsuwp_university_location":[],"wsuwp_university_org":[],"_links":{"self":[{"href":"https:\/\/english.wsu.edu\/newsletter\/wp-json\/wp\/v2\/pages\/1307"}],"collection":[{"href":"https:\/\/english.wsu.edu\/newsletter\/wp-json\/wp\/v2\/pages"}],"about":[{"href":"https:\/\/english.wsu.edu\/newsletter\/wp-json\/wp\/v2\/types\/page"}],"author":[{"embeddable":true,"href":"https:\/\/english.wsu.edu\/newsletter\/wp-json\/wp\/v2\/users\/1438"}],"replies":[{"embeddable":true,"href":"https:\/\/english.wsu.edu\/newsletter\/wp-json\/wp\/v2\/comments?post=1307"}],"version-history":[{"count":42,"href":"https:\/\/english.wsu.edu\/newsletter\/wp-json\/wp\/v2\/pages\/1307\/revisions"}],"predecessor-version":[{"id":1874,"href":"https:\/\/english.wsu.edu\/newsletter\/wp-json\/wp\/v2\/pages\/1307\/revisions\/1874"}],"wp:attachment":[{"href":"https:\/\/english.wsu.edu\/newsletter\/wp-json\/wp\/v2\/media?parent=1307"}],"wp:term":[{"taxonomy":"category","embeddable":true,"href":"https:\/\/english.wsu.edu\/newsletter\/wp-json\/wp\/v2\/categories?post=1307"},{"taxonomy":"post_tag","embeddable":true,"href":"https:\/\/english.wsu.edu\/newsletter\/wp-json\/wp\/v2\/tags?post=1307"},{"taxonomy":"wsuwp_university_location","embeddable":true,"href":"https:\/\/english.wsu.edu\/newsletter\/wp-json\/wp\/v2\/wsuwp_university_location?post=1307"},{"taxonomy":"wsuwp_university_org","embeddable":true,"href":"https:\/\/english.wsu.edu\/newsletter\/wp-json\/wp\/v2\/wsuwp_university_org?post=1307"}],"curies":[{"name":"wp","href":"https:\/\/api.w.org\/{rel}","templated":true}]}}